{"id":608,"date":"2022-06-10T19:22:20","date_gmt":"2022-06-10T19:22:20","guid":{"rendered":"https:\/\/demo.themedraft.net\/wp\/doctio\/?page_id=608"},"modified":"2024-11-24T21:26:59","modified_gmt":"2024-11-24T21:26:59","slug":"about-us","status":"publish","type":"page","link":"https:\/\/www.visemed.com\/es\/acerca-de-nosotros\/","title":{"rendered":"Qui\u00e9nes somos"},"content":{"rendered":"<div data-elementor-type=\"wp-page\" data-elementor-id=\"608\" class=\"elementor elementor-608\">\n\t\t\t\t\t\t<section class=\"elementor-section elementor-top-section elementor-element elementor-element-433d3c3b elementor-section-stretched elementor-section-boxed elementor-section-height-default elementor-section-height-default\" data-id=\"433d3c3b\" data-element_type=\"section\" data-settings=\"{&quot;stretch_section&quot;:&quot;section-stretched&quot;}\">\n\t\t\t\t\t\t<div class=\"elementor-container elementor-column-gap-default\">\n\t\t\t\t\t<div class=\"elementor-column elementor-col-50 elementor-top-column elementor-element elementor-element-2ec804cd\" data-id=\"2ec804cd\" data-element_type=\"column\">\n\t\t\t<div class=\"elementor-widget-wrap elementor-element-populated\">\n\t\t\t\t\t\t<div class=\"elementor-element elementor-element-7f8a77d3 elementor-widget elementor-widget-themedraft_section_title\" data-id=\"7f8a77d3\" data-element_type=\"widget\" data-widget_type=\"themedraft_section_title.default\">\n\t\t\t\t<div class=\"elementor-widget-container\">\n\t\t\t\n\t\t<div class=\"td-section-title-wrapper\">\n            <div class=\"td-section-title-content td-secondary-font\">\n                                    <div class=\"td-section-title-bg-text left\">\n                        Acerca de                    <\/div>\n                \n                                    <div class=\"td-section-subtitle td-primary-color\">\n                        Qui\u00e9nes somos                    <\/div>\n                \n                                    <div class=\"td-section-title\">\n                        <h2>Cl\u00ednica Visemed<\/h2>                    <\/div>\n                                        <div class=\"title-bottom-line\" style=\"background-image: url(https:\/\/demo.themedraft.net\/wp\/doctio\/wp-content\/uploads\/2022\/06\/line-1.png)\"><\/div>\n                                                <\/div>\n\t\t<\/div>\n\t\t\t\t<\/div>\n\t\t\t\t<\/div>\n\t\t\t\t<div class=\"elementor-element elementor-element-6b2eb3ed elementor-widget elementor-widget-themedraft_text\" data-id=\"6b2eb3ed\" data-element_type=\"widget\" data-widget_type=\"themedraft_text.default\">\n\t\t\t\t<div class=\"elementor-widget-container\">\n\t\t\t\n\t\t<div class=\"td-text-wrapper\">\n\t\t\t<p>Bienvenido a Visemed Clinic, donde la atenci\u00f3n sanitaria excepcional se une a una filosof\u00eda en la que el paciente es lo primero. Situada en la vibrante ciudad de Estambul, somos un centro m\u00e9dico de categor\u00eda mundial especializado en tratamientos de la obesidad, atenci\u00f3n odontol\u00f3gica, trasplante capilar y cirug\u00eda pl\u00e1stica. En Visemed, nos dedicamos a transformar vidas mediante t\u00e9cnicas innovadoras, atenci\u00f3n personalizada y un compromiso inquebrantable con la excelencia.<\/p>\n            \t\t<\/div>\n\n\t\t\t\t<\/div>\n\t\t\t\t<\/div>\n\t\t\t\t<div class=\"elementor-element elementor-element-4c42bbcf elementor-widget elementor-widget-themedraft_promo_box\" data-id=\"4c42bbcf\" data-element_type=\"widget\" data-widget_type=\"themedraft_promo_box.default\">\n\t\t\t\t<div class=\"elementor-widget-container\">\n\t\t\t\n\t\t<div class=\"td-promo-box-wrapper td-icon-left\">\n\t\t\t<div class=\"row\">\n\t\t\t\t\t\t\t\t\t\t<div class=\"col-xl-12 col-lg-6 col-md-6\">\n\t\t\t\t\t\t\t<div class=\"td-single-promo-box\">\n\t\t\t\t\t\t\t\t<div class=\"td-promo-icon td-primary-color\">\n\t\t\t\t\t\t\t\t\t<i aria-hidden=\"true\" class=\"td-icon flaticon-about\"><\/i>\t\t\t\t\t\t\t\t<\/div>\n\n                                <h4 class=\"td-promo-title\">Nuestra misi\u00f3n<\/h4>\n\n                                <div class=\"td-promo-desc td-last-p-0\">\n\t                                <p>En Visemed, nuestra misi\u00f3n es ofrecer servicios m\u00e9dicos y est\u00e9ticos de primer nivel adaptados a las necesidades \u00fanicas de cada paciente. Nuestro objetivo es combinar la tecnolog\u00eda avanzada, la habilidad de expertos, y un enfoque compasivo para asegurar que cada individuo se siente capacitado y confiado en su salud y apariencia.<\/p>                                <\/div>\n\t\t\t\t\t\t\t<\/div>\n\t\t\t\t\t\t<\/div>\n\t\t\t\t\t\t\t\t\t\t<div class=\"col-xl-12 col-lg-6 col-md-6\">\n\t\t\t\t\t\t\t<div class=\"td-single-promo-box\">\n\t\t\t\t\t\t\t\t<div class=\"td-promo-icon td-primary-color\">\n\t\t\t\t\t\t\t\t\t<i aria-hidden=\"true\" class=\"td-icon flaticon-medical-laboratory\"><\/i>\t\t\t\t\t\t\t\t<\/div>\n\n                                <h4 class=\"td-promo-title\">Nuestra visi\u00f3n<\/h4>\n\n                                <div class=\"td-promo-desc td-last-p-0\">\n\t                                <p>Imaginamos un mundo en el que la asistencia sanitaria de calidad sea accesible, asequible y transformadora para todos. Como proveedor de confianza en turismo m\u00e9dico, nos esforzamos por hacer de Estambul un destino mundial para la atenci\u00f3n sanitaria de vanguardia centrada en el paciente.<\/p>                                <\/div>\n\t\t\t\t\t\t\t<\/div>\n\t\t\t\t\t\t<\/div>\n\t\t\t\t\t\t\t<\/div>\n\t\t<\/div>\n\n\t\t\t\t<\/div>\n\t\t\t\t<\/div>\n\t\t\t\t\t<\/div>\n\t\t<\/div>\n\t\t\t\t<div class=\"elementor-column elementor-col-50 elementor-top-column elementor-element elementor-element-5ceb424b\" data-id=\"5ceb424b\" data-element_type=\"column\">\n\t\t\t<div class=\"elementor-widget-wrap elementor-element-populated\">\n\t\t\t\t\t\t<div class=\"elementor-element elementor-element-57bbf0af elementor-widget__width-initial elementor-widget elementor-widget-themedraft_image_with_caption\" data-id=\"57bbf0af\" data-element_type=\"widget\" data-widget_type=\"themedraft_image_with_caption.default\">\n\t\t\t\t<div class=\"elementor-widget-container\">\n\t\t\t\n\t\t<div class=\"td-img-caption-wrapper td-secondary-font\">\n            <div class=\"td-caption-images\">\n                <div class=\"td-caption-img-one td-cover-bg\" style=\"background-image: url(https:\/\/www.visemed.com\/wp-content\/uploads\/2024\/11\/successful-medical-team-scaled.jpg)\"><\/div>\n                <div class=\"td-caption-img-two td-cover-bg\" style=\"background-image: url(https:\/\/www.visemed.com\/wp-content\/uploads\/2022\/06\/service-11.jpg)\"><\/div>\n\n                <div class=\"td-img-caption\">\n                    <span>100%<\/span> \nServicios de calidad                <\/div>\n            <\/div>\n\t\t<\/div>\n\n\t\t\t\t<\/div>\n\t\t\t\t<\/div>\n\t\t\t\t\t<\/div>\n\t\t<\/div>\n\t\t\t\t\t<\/div>\n\t\t<\/section>\n\t\t\t\t<section class=\"elementor-section elementor-top-section elementor-element elementor-element-1cd4493e elementor-section-stretched elementor-section-full_width elementor-section-height-default elementor-section-height-default\" data-id=\"1cd4493e\" data-element_type=\"section\" data-settings=\"{&quot;stretch_section&quot;:&quot;section-stretched&quot;}\">\n\t\t\t\t\t\t<div class=\"elementor-container elementor-column-gap-default\">\n\t\t\t\t\t<div class=\"elementor-column elementor-col-100 elementor-top-column elementor-element elementor-element-45167e09\" data-id=\"45167e09\" data-element_type=\"column\">\n\t\t\t<div class=\"elementor-widget-wrap elementor-element-populated\">\n\t\t\t\t\t\t<div class=\"elementor-element elementor-element-c764b6e elementor-widget elementor-widget-themedraft_recent_post\" data-id=\"c764b6e\" data-element_type=\"widget\" data-widget_type=\"themedraft_recent_post.default\">\n\t\t\t\t<div class=\"elementor-widget-container\">\n\t\t\t\n        <div class=\"td-recent-post-el-widget\">\n            <div class=\"container\">\n                <div id=\"td-post-slider-8692\" class=\"row td-all-posts-wrapper\">\n                    \n                        <div class=\"col-xl-4 col-lg-6 col-md-6\">\n                            <div class=\"td-single-post-item\">\n                                <article id=\"post-544\" class=\"post-544 post type-post status-publish format-standard has-post-thumbnail hentry category-ent-department tag-surgery\">\n\n                                    <a href=\"https:\/\/www.visemed.com\/es\/2022\/06\/10\/medico-especialista-comparte-consejos-para-su-sano-crecimiento-y-cuidado\/\" class=\"td-recent-post-thumbnail td-cover-bg\" style=\"background-image: url(https:\/\/www.visemed.com\/wp-content\/uploads\/2022\/06\/blog-8.jpg)\"><\/a>\n\n                                    <div class=\"td-recent-post-content\">\n                                        <div class=\"td-post-meta post-meta\">\n                                            <ul class=\"td-list-style td-list-inline\">\n\t\t\t                                                                                        <li><span class=\"byline\"><i class=\"far fa-user\"><\/i>  <span class=\"author vcard\">admin<\/span><\/span><\/li>\n\t\t\t                                    \n                                                                                                    <li><span class=\"posted-on\"><i class=\"far fa-calendar-check\"><\/i> <a href=\"https:\/\/www.visemed.com\/es\/2022\/06\/10\/medico-especialista-comparte-consejos-para-su-sano-crecimiento-y-cuidado\/\" rel=\"bookmark\"><time class=\"entry-date published\" datetime=\"2022-06-10T17:57:19+00:00\">10 de junio de 2022<\/time><time class=\"updated\" datetime=\"2024-10-24T15:52:23+00:00\">24 de octubre de 2024<\/time><\/a><\/span><\/li>\n\t\t\t                                                                                <\/ul>\n                                        <\/div>\n\n                                        <div class=\"td-recent-post-title\">\n                                            <a href=\"https:\/\/www.visemed.com\/es\/2022\/06\/10\/medico-especialista-comparte-consejos-para-su-sano-crecimiento-y-cuidado\/\">\n                                                <h4 class=\"post-title\">M\u00e9dico especialista comparte consejos para su ...<\/h4>\n                                            <\/a>\n                                        <\/div>\n\n                                        \n                                                                                    <div class=\"td-post-read-more\">\n                                                <a class=\"td-text-button\" href=\"https:\/\/www.visemed.com\/es\/2022\/06\/10\/medico-especialista-comparte-consejos-para-su-sano-crecimiento-y-cuidado\/\">\n                                                    Seguir leyendo <i class=\"fas fa-angle-double-right\"><\/i>\n                                                <\/a>\n                                            <\/div>\n                                                                            <\/div>\n                                <\/article><!-- #post-544 -->\n                            <\/div>\n                        <\/div>\n                                    <\/div>\n            <\/div>\n                    <\/div>\n\t\t\t\t<\/div>\n\t\t\t\t<\/div>\n\t\t\t\t\t<\/div>\n\t\t<\/div>\n\t\t\t\t\t<\/div>\n\t\t<\/section>\n\t\t\t\t<section class=\"elementor-section elementor-top-section elementor-element elementor-element-5a78f735 elementor-section-full_width elementor-section-stretched elementor-section-height-default elementor-section-height-default\" data-id=\"5a78f735\" data-element_type=\"section\" data-settings=\"{&quot;stretch_section&quot;:&quot;section-stretched&quot;,&quot;background_background&quot;:&quot;classic&quot;}\">\n\t\t\t\t\t\t<div class=\"elementor-container elementor-column-gap-default\">\n\t\t\t\t\t<div class=\"elementor-column elementor-col-100 elementor-top-column elementor-element elementor-element-91b249b\" data-id=\"91b249b\" data-element_type=\"column\">\n\t\t\t<div class=\"elementor-widget-wrap\">\n\t\t\t\t\t\t\t<\/div>\n\t\t<\/div>\n\t\t\t\t\t<\/div>\n\t\t<\/section>\n\t\t\t\t<section class=\"elementor-section elementor-top-section elementor-element elementor-element-5631ca09 elementor-section-stretched elementor-section-boxed elementor-section-height-default elementor-section-height-default\" data-id=\"5631ca09\" data-element_type=\"section\" data-settings=\"{&quot;stretch_section&quot;:&quot;section-stretched&quot;}\">\n\t\t\t\t\t\t<div class=\"elementor-container elementor-column-gap-default\">\n\t\t\t\t\t<div class=\"elementor-column elementor-col-50 elementor-top-column elementor-element elementor-element-2183edc5\" data-id=\"2183edc5\" data-element_type=\"column\">\n\t\t\t<div class=\"elementor-widget-wrap elementor-element-populated\">\n\t\t\t\t\t\t<div class=\"elementor-element elementor-element-5a358cda elementor-widget elementor-widget-themedraft_section_title\" data-id=\"5a358cda\" data-element_type=\"widget\" data-widget_type=\"themedraft_section_title.default\">\n\t\t\t\t<div class=\"elementor-widget-container\">\n\t\t\t\n\t\t<div class=\"td-section-title-wrapper\">\n            <div class=\"td-section-title-content td-secondary-font\">\n                                    <div class=\"td-section-title-bg-text left\">\n                        Acerca de                    <\/div>\n                \n                                    <div class=\"td-section-subtitle td-primary-color\">\n                        Por qu\u00e9 elegirnos                    <\/div>\n                \n                                    <div class=\"td-section-title\">\n                        <h3>\u00bfPor qu\u00e9 elegir Visemed?<\/h3>                    <\/div>\n                                        <div class=\"title-bottom-line\" style=\"background-image: url(https:\/\/www.visemed.com\/wp-content\/uploads\/2022\/06\/line-1.png)\"><\/div>\n                                                <\/div>\n\t\t<\/div>\n\t\t\t\t<\/div>\n\t\t\t\t<\/div>\n\t\t\t\t<div class=\"elementor-element elementor-element-6fad022 elementor-widget elementor-widget-themedraft_text\" data-id=\"6fad022\" data-element_type=\"widget\" data-widget_type=\"themedraft_text.default\">\n\t\t\t\t<div class=\"elementor-widget-container\">\n\t\t\t\n\t\t<div class=\"td-text-wrapper\">\n\t\t\t<h4><strong>1. Experiencia en la que puede confiar<\/strong><\/h4><p>Nuestro equipo est\u00e1 formado por especialistas experimentados y altamente cualificados que son l\u00edderes en sus campos. Con m\u00e1s de 12.000 casos con \u00e9xito, aportamos una experiencia sin igual a cada tratamiento que ofrecemos.<\/p><h4><strong>2. Atenci\u00f3n integral<\/strong><\/h4><p>En Visemed, adoptamos un enfoque hol\u00edstico de la atenci\u00f3n al paciente. Desde la consulta inicial hasta la recuperaci\u00f3n posterior al tratamiento, nuestro equipo le acompa\u00f1ar\u00e1 en todo momento para garantizarle un viaje tranquilo y sin estr\u00e9s.<\/p><h4><strong>3. Instalaciones de vanguardia<\/strong><\/h4><p>Nuestra cl\u00ednica est\u00e1 equipada con la tecnolog\u00eda m\u00e9dica m\u00e1s avanzada y cumple las normas internacionales de seguridad y calidad m\u00e1s estrictas. Esto nos permite ofrecer resultados precisos, eficaces y fiables.<\/p><h4><strong>4. Experiencia del paciente VIP<\/strong><\/h4><p>Vamos m\u00e1s all\u00e1 para que su visita sea excepcional. Nuestros servicios incluyen traslados VIP al aeropuerto, alojamiento de 5 estrellas y ayuda con los preparativos del viaje, para que se sienta bien atendido a su llegada.<\/p><h4><strong>5. Asequibilidad sin concesiones<\/strong><\/h4><p>Situados en Estambul, ofrecemos servicios m\u00e9dicos de categor\u00eda mundial a un precio muy inferior al de muchos otros pa\u00edses. Nuestros precios transparentes garantizan la accesibilidad sin sacrificar la calidad.<\/p>\n            \t\t<\/div>\n\n\t\t\t\t<\/div>\n\t\t\t\t<\/div>\n\t\t\t\t\t<\/div>\n\t\t<\/div>\n\t\t\t\t<div class=\"elementor-column elementor-col-50 elementor-top-column elementor-element elementor-element-2b671d8\" data-id=\"2b671d8\" data-element_type=\"column\">\n\t\t\t<div class=\"elementor-widget-wrap elementor-element-populated\">\n\t\t\t\t\t\t<div class=\"elementor-element elementor-element-ab0e21b elementor-widget elementor-widget-themedraft_section_title\" data-id=\"ab0e21b\" data-element_type=\"widget\" data-widget_type=\"themedraft_section_title.default\">\n\t\t\t\t<div class=\"elementor-widget-container\">\n\t\t\t\n\t\t<div class=\"td-section-title-wrapper\">\n            <div class=\"td-section-title-content td-secondary-font\">\n                                    <div class=\"td-section-title-bg-text left\">\n                        Acerca de                    <\/div>\n                \n                                    <div class=\"td-section-subtitle td-primary-color\">\n                        Nuestros valores                    <\/div>\n                \n                                    <div class=\"td-section-title\">\n                        <h3>Nuestros valores fundamentales<\/h3>                    <\/div>\n                                        <div class=\"title-bottom-line\" style=\"background-image: url(https:\/\/demo.themedraft.net\/wp\/doctio\/wp-content\/uploads\/2022\/06\/line-1.png)\"><\/div>\n                                                <\/div>\n\t\t<\/div>\n\t\t\t\t<\/div>\n\t\t\t\t<\/div>\n\t\t\t\t<div class=\"elementor-element elementor-element-997e7a3 elementor-widget elementor-widget-themedraft_text\" data-id=\"997e7a3\" data-element_type=\"widget\" data-widget_type=\"themedraft_text.default\">\n\t\t\t\t<div class=\"elementor-widget-container\">\n\t\t\t\n\t\t<div class=\"td-text-wrapper\">\n\t\t\t<ul><li><strong>Atenci\u00f3n centrada en el paciente<\/strong>: Su seguridad, comodidad y satisfacci\u00f3n son nuestras principales prioridades.<\/li><li><strong>Integridad<\/strong>: Estamos comprometidos con las pr\u00e1cticas \u00e9ticas y la comunicaci\u00f3n clara en cada etapa de su viaje.<\/li><li><strong>Innovaci\u00f3n<\/strong>: Al adoptar los \u00faltimos avances en tratamientos m\u00e9dicos y est\u00e9ticos, nos mantenemos a la vanguardia de la atenci\u00f3n sanitaria.<\/li><li><strong>Respetar<\/strong>: Cada paciente es tratado con profesionalidad, dignidad y compasi\u00f3n.<\/li><\/ul>\n            \t\t<\/div>\n\n\t\t\t\t<\/div>\n\t\t\t\t<\/div>\n\t\t\t\t<div class=\"elementor-element elementor-element-c3f179e elementor-widget elementor-widget-themedraft_promo_box\" data-id=\"c3f179e\" data-element_type=\"widget\" data-widget_type=\"themedraft_promo_box.default\">\n\t\t\t\t<div class=\"elementor-widget-container\">\n\t\t\t\n\t\t<div class=\"td-promo-box-wrapper td-icon-left\">\n\t\t\t<div class=\"row\">\n\t\t\t\t\t\t\t\t\t\t<div class=\"col-xl-12 col-lg-6 col-md-6\">\n\t\t\t\t\t\t\t<div class=\"td-single-promo-box\">\n\t\t\t\t\t\t\t\t<div class=\"td-promo-icon td-primary-color\">\n\t\t\t\t\t\t\t\t\t<i aria-hidden=\"true\" class=\"td-icon flaticon-heart-beat\"><\/i>\t\t\t\t\t\t\t\t<\/div>\n\n                                <h4 class=\"td-promo-title\">Al servicio de pacientes de todo el mundo<\/h4>\n\n                                <div class=\"td-promo-desc td-last-p-0\">\n\t                                <p>Visemed se enorgullece de dar la bienvenida a pacientes de todo el mundo. Con personal multiling\u00fce y servicios de apoyo integrales, hacemos que los viajes m\u00e9dicos internacionales sean sencillos, accesibles y gratificantes. Tanto si busca un procedimiento que le cambie la vida como una mejora sutil, estamos aqu\u00ed para ayudarle a conseguir sus objetivos.<\/p>                                <\/div>\n\t\t\t\t\t\t\t<\/div>\n\t\t\t\t\t\t<\/div>\n\t\t\t\t\t\t\t\t\t\t<div class=\"col-xl-12 col-lg-6 col-md-6\">\n\t\t\t\t\t\t\t<div class=\"td-single-promo-box\">\n\t\t\t\t\t\t\t\t<div class=\"td-promo-icon td-primary-color\">\n\t\t\t\t\t\t\t\t\t<i aria-hidden=\"true\" class=\"td-icon flaticon-healthcare\"><\/i>\t\t\t\t\t\t\t\t<\/div>\n\n                                <h4 class=\"td-promo-title\">Experimente la diferencia Visemed<\/h4>\n\n                                <div class=\"td-promo-desc td-last-p-0\">\n\t                                <p>En Visemed Clinic, no s\u00f3lo tratamos enfermedades, sino que transformamos vidas. Nuestra dedicaci\u00f3n a la calidad, la innovaci\u00f3n y la satisfacci\u00f3n del paciente nos distingue como un nombre de confianza en el cuidado de la salud y la est\u00e9tica.<\/p><p><strong>P\u00f3ngase en contacto con nosotros<\/strong> para obtener m\u00e1s informaci\u00f3n sobre nuestros servicios o para programar su consulta. Perm\u00edtanos ayudarle a dar el primer paso hacia una vida m\u00e1s sana y segura de s\u00ed misma.<\/p>                                <\/div>\n\t\t\t\t\t\t\t<\/div>\n\t\t\t\t\t\t<\/div>\n\t\t\t\t\t\t\t<\/div>\n\t\t<\/div>\n\n\t\t\t\t<\/div>\n\t\t\t\t<\/div>\n\t\t\t\t\t<\/div>\n\t\t<\/div>\n\t\t\t\t\t<\/div>\n\t\t<\/section>\n\t\t\t\t<section class=\"elementor-section elementor-top-section elementor-element elementor-element-20ddd746 elementor-section-stretched elementor-section-boxed elementor-section-height-default elementor-section-height-default\" data-id=\"20ddd746\" data-element_type=\"section\" data-settings=\"{&quot;background_background&quot;:&quot;classic&quot;,&quot;stretch_section&quot;:&quot;section-stretched&quot;}\">\n\t\t\t\t\t\t<div class=\"elementor-container elementor-column-gap-default\">\n\t\t\t\t\t<div class=\"elementor-column elementor-col-100 elementor-top-column elementor-element elementor-element-2e1d5f2\" data-id=\"2e1d5f2\" data-element_type=\"column\">\n\t\t\t<div class=\"elementor-widget-wrap elementor-element-populated\">\n\t\t\t\t\t\t<div class=\"elementor-element elementor-element-36325e76 elementor-widget elementor-widget-themedraft_section_title\" data-id=\"36325e76\" data-element_type=\"widget\" data-widget_type=\"themedraft_section_title.default\">\n\t\t\t\t<div class=\"elementor-widget-container\">\n\t\t\t\n\t\t<div class=\"td-section-title-wrapper\">\n            <div class=\"td-section-title-content td-secondary-font\">\n                \n                                    <div class=\"td-section-subtitle td-primary-color\">\n                        P\u00f3ngase en contacto                    <\/div>\n                \n                                    <div class=\"td-section-title\">\n                        <h3>Nuestra experiencia como pacientes<\/h3>\n\u00a0                    <\/div>\n                                                <\/div>\n\t\t<\/div>\n\t\t\t\t<\/div>\n\t\t\t\t<\/div>\n\t\t\t\t<div class=\"elementor-element elementor-element-27b4b419 elementor-widget elementor-widget-themedraft_text\" data-id=\"27b4b419\" data-element_type=\"widget\" data-widget_type=\"themedraft_text.default\">\n\t\t\t\t<div class=\"elementor-widget-container\">\n\t\t\t\n\t\t<div class=\"td-text-wrapper\">\n\t\t\t<p>Elija Visemed y disfrute de una asistencia sanitaria dise\u00f1ada a su medida, con atenci\u00f3n personalizada, servicios de lujo y asistencia integral.<\/p>\n            \t\t<\/div>\n\n\t\t\t\t<\/div>\n\t\t\t\t<\/div>\n\t\t\t\t<div class=\"elementor-element elementor-element-7eb080ee elementor-widget elementor-widget-themedraft_button_widget\" data-id=\"7eb080ee\" data-element_type=\"widget\" data-widget_type=\"themedraft_button_widget.default\">\n\t\t\t\t<div class=\"elementor-widget-container\">\n\t\t\t\n\t\t<div class=\"themedraft-button-wrapper td-button-el-widget\">\n\t\t\t<a href=\"https:\/\/www.visemed.com\/es\/pongase-en-contacto-con\/\" class=\"themedraft-button td-button themedraft-button-one\" >Contacto                <i class=\"fas fa-plus\"><\/i>\n            <\/a>\n\n\t\t\t\n                \t\t\t\t<a href=\"https:\/\/www.visemed.com\/es\/department\/\" class=\"themedraft-button td-button themedraft-button-two\" >Servicios                    <i class=\"fas fa-plus\"><\/i>\n                <\/a>\n                \t\t\t\t\t<\/div>\n\t\t\t\t<\/div>\n\t\t\t\t<\/div>\n\t\t\t\t\t<\/div>\n\t\t<\/div>\n\t\t\t\t\t<\/div>\n\t\t<\/section>\n\t\t\t\t<\/div>","protected":false},"excerpt":{"rendered":"<p>Acerca de Visemed Clinic Bienvenido a Visemed Clinic, donde la atenci\u00f3n sanitaria excepcional se une a una filosof\u00eda en la que el paciente es lo primero. Situada en la vibrante ciudad de Estambul, somos un centro m\u00e9dico de categor\u00eda mundial especializado en tratamientos de la obesidad, atenci\u00f3n odontol\u00f3gica, trasplante capilar y cirug\u00eda pl\u00e1stica. En Visemed, nos dedicamos a transformar vidas mediante t\u00e9cnicas innovadoras, atenci\u00f3n personalizada y un [...]<\/p>","protected":false},"author":1,"featured_media":0,"parent":0,"menu_order":0,"comment_status":"closed","ping_status":"closed","template":"","meta":{"_monsterinsights_skip_tracking":false,"_monsterinsights_sitenote_active":false,"_monsterinsights_sitenote_note":"","_monsterinsights_sitenote_category":0,"_uf_show_specific_survey":0,"_uf_disable_surveys":false,"footnotes":""},"class_list":["post-608","page","type-page","status-publish","hentry"],"aioseo_notices":[],"_links":{"self":[{"href":"https:\/\/www.visemed.com\/es\/wp-json\/wp\/v2\/pages\/608","targetHints":{"allow":["GET"]}}],"collection":[{"href":"https:\/\/www.visemed.com\/es\/wp-json\/wp\/v2\/pages"}],"about":[{"href":"https:\/\/www.visemed.com\/es\/wp-json\/wp\/v2\/types\/page"}],"author":[{"embeddable":true,"href":"https:\/\/www.visemed.com\/es\/wp-json\/wp\/v2\/users\/1"}],"replies":[{"embeddable":true,"href":"https:\/\/www.visemed.com\/es\/wp-json\/wp\/v2\/comments?post=608"}],"version-history":[{"count":7,"href":"https:\/\/www.visemed.com\/es\/wp-json\/wp\/v2\/pages\/608\/revisions"}],"predecessor-version":[{"id":1266,"href":"https:\/\/www.visemed.com\/es\/wp-json\/wp\/v2\/pages\/608\/revisions\/1266"}],"wp:attachment":[{"href":"https:\/\/www.visemed.com\/es\/wp-json\/wp\/v2\/media?parent=608"}],"curies":[{"name":"wp","href":"https:\/\/api.w.org\/{rel}","templated":true}]}}