{"id":1018,"date":"2022-06-11T10:42:43","date_gmt":"2022-06-11T10:42:43","guid":{"rendered":"https:\/\/demo.themedraft.net\/wp\/doctio\/?page_id=1018"},"modified":"2022-06-11T10:42:43","modified_gmt":"2022-06-11T10:42:43","slug":"faqs","status":"publish","type":"page","link":"https:\/\/www.visemed.com\/fr\/faqs\/","title":{"rendered":"Faq's"},"content":{"rendered":"<div data-elementor-type=\"wp-page\" data-elementor-id=\"1018\" class=\"elementor elementor-1018\">\n\t\t\t\t\t\t<section class=\"elementor-section elementor-top-section elementor-element elementor-element-306e113 elementor-section-stretched elementor-section-boxed elementor-section-height-default elementor-section-height-default\" data-id=\"306e113\" data-element_type=\"section\" data-settings=\"{&quot;stretch_section&quot;:&quot;section-stretched&quot;}\">\n\t\t\t\t\t\t<div class=\"elementor-container elementor-column-gap-default\">\n\t\t\t\t\t<div class=\"elementor-column elementor-col-50 elementor-top-column elementor-element elementor-element-4c7180a7\" data-id=\"4c7180a7\" data-element_type=\"column\">\n\t\t\t<div class=\"elementor-widget-wrap elementor-element-populated\">\n\t\t\t\t\t\t<div class=\"elementor-element elementor-element-61887144 elementor-widget elementor-widget-themedraft_section_title\" data-id=\"61887144\" data-element_type=\"widget\" data-widget_type=\"themedraft_section_title.default\">\n\t\t\t\t<div class=\"elementor-widget-container\">\n\t\t\t\n\t\t<div class=\"td-section-title-wrapper\">\n            <div class=\"td-section-title-content td-secondary-font\">\n                                    <div class=\"td-section-title-bg-text left\">\n                        Faqs                    <\/div>\n                \n                                    <div class=\"td-section-subtitle td-primary-color\">\n                        Obtenir des r\u00e9ponses                    <\/div>\n                \n                                    <div class=\"td-section-title\">\n                        <h2>Vous avez des questions ? N'h\u00e9sitez pas \u00e0 les poser.<\/h2>                    <\/div>\n                                        <div class=\"title-bottom-line\" style=\"background-image: url(https:\/\/demo.themedraft.net\/wp\/doctio\/wp-content\/uploads\/2022\/06\/line-1.png)\"><\/div>\n                                                <\/div>\n\t\t<\/div>\n\t\t\t\t<\/div>\n\t\t\t\t<\/div>\n\t\t\t\t<div class=\"elementor-element elementor-element-70f595bd elementor-widget elementor-widget-themeDraft_accordion\" data-id=\"70f595bd\" data-element_type=\"widget\" data-widget_type=\"themeDraft_accordion.default\">\n\t\t\t\t<div class=\"elementor-widget-container\">\n\t\t\t        <div class=\"td-accordion-wrapper td-accordion-wrapper-52733\">\n            <div class=\"accordion\" id=\"td-accordion-52733\">\n\n\t\t\t\t                        <div class=\"accordion-item\">\n                            <h2 class=\"accordion-header\">\n                                <button class=\"accordion-button\" type=\"button\" data-bs-toggle=\"collapse\" data-bs-target=\"#collapse-152733\" aria-expanded=\"true\" aria-controls=\"collapse-152733\">\n\t\t\t\t\t\t\t\t\t01. Signaux pour la personnalisation du site web ?                                <\/button>\n                            <\/h2>\n\n                            <div id=\"collapse-152733\" class=\"accordion-collapse collapse show\" data-bs-parent=\"#td-accordion-52733\">\n                                <div class=\"accordion-body\">\n\t\t\t\t\t\t\t\t\tNous vous donnerons un aper\u00e7u complet du syst\u00e8me et nous exposerons les enseignements du grand explorateur de la v\u00e9rit\u00e9, le ma\u00eetre d'\u0153uvre du bonheur humain, non parce que c'est un plaisir.                                <\/div>\n                            <\/div>\n                        <\/div>\n\t\t\t\t\t\t                        <div class=\"accordion-item\">\n                            <h2 class=\"accordion-header\">\n                                <button class=\"accordion-button collapsed\" type=\"button\" data-bs-toggle=\"collapse\" data-bs-target=\"#collapse-252733\" aria-expanded=\"false\" aria-controls=\"collapse-252733\">\n\t\t\t\t\t\t\t\t\t02. Architecture de l'information Easy ?                                <\/button>\n                            <\/h2>\n\n                            <div id=\"collapse-252733\" class=\"accordion-collapse collapse\" data-bs-parent=\"#td-accordion-52733\">\n                                <div class=\"accordion-body\">\n\t\t\t\t\t\t\t\t\tNous vous donnerons un aper\u00e7u complet du syst\u00e8me et nous exposerons les enseignements du grand explorateur de la v\u00e9rit\u00e9, le ma\u00eetre d'\u0153uvre du bonheur humain, non parce que c'est un plaisir.                                <\/div>\n                            <\/div>\n                        <\/div>\n\t\t\t\t\t\t                        <div class=\"accordion-item\">\n                            <h2 class=\"accordion-header\">\n                                <button class=\"accordion-button collapsed\" type=\"button\" data-bs-toggle=\"collapse\" data-bs-target=\"#collapse-352733\" aria-expanded=\"false\" aria-controls=\"collapse-352733\">\n\t\t\t\t\t\t\t\t\t03. Guide pour attirer les clients ?                                <\/button>\n                            <\/h2>\n\n                            <div id=\"collapse-352733\" class=\"accordion-collapse collapse\" data-bs-parent=\"#td-accordion-52733\">\n                                <div class=\"accordion-body\">\n\t\t\t\t\t\t\t\t\tNous vous donnerons un aper\u00e7u complet du syst\u00e8me et nous exposerons les enseignements du grand explorateur de la v\u00e9rit\u00e9, le ma\u00eetre d'\u0153uvre du bonheur humain, non parce que c'est un plaisir.                                <\/div>\n                            <\/div>\n                        <\/div>\n\t\t\t\t\t\t                        <div class=\"accordion-item\">\n                            <h2 class=\"accordion-header\">\n                                <button class=\"accordion-button collapsed\" type=\"button\" data-bs-toggle=\"collapse\" data-bs-target=\"#collapse-452733\" aria-expanded=\"false\" aria-controls=\"collapse-452733\">\n\t\t\t\t\t\t\t\t\t04. Guide pour attirer les clients ?                                <\/button>\n                            <\/h2>\n\n                            <div id=\"collapse-452733\" class=\"accordion-collapse collapse\" data-bs-parent=\"#td-accordion-52733\">\n                                <div class=\"accordion-body\">\n\t\t\t\t\t\t\t\t\tNous vous donnerons un aper\u00e7u complet du syst\u00e8me et nous exposerons les enseignements du grand explorateur de la v\u00e9rit\u00e9, le ma\u00eetre d'\u0153uvre du bonheur humain, non parce que c'est un plaisir.                                <\/div>\n                            <\/div>\n                        <\/div>\n\t\t\t\t\t\t            <\/div>\n        <\/div>\n\t\t\t\t<\/div>\n\t\t\t\t<\/div>\n\t\t\t\t\t<\/div>\n\t\t<\/div>\n\t\t\t\t<div class=\"elementor-column elementor-col-50 elementor-top-column elementor-element elementor-element-f4ef68e\" data-id=\"f4ef68e\" data-element_type=\"column\">\n\t\t\t<div class=\"elementor-widget-wrap elementor-element-populated\">\n\t\t\t\t\t\t<div class=\"elementor-element elementor-element-1b7526b6 elementor-widget elementor-widget-themedraft_image_with_caption\" data-id=\"1b7526b6\" data-element_type=\"widget\" data-widget_type=\"themedraft_image_with_caption.default\">\n\t\t\t\t<div class=\"elementor-widget-container\">\n\t\t\t\n\t\t<div class=\"td-img-caption-wrapper td-secondary-font\">\n            <div class=\"td-caption-images\">\n                <div class=\"td-caption-img-one td-cover-bg\" style=\"background-image: url(https:\/\/demo.themedraft.net\/wp\/doctio\/wp-content\/uploads\/2022\/06\/caption-img-1.jpg)\"><\/div>\n                <div class=\"td-caption-img-two td-cover-bg\" style=\"background-image: url(https:\/\/demo.themedraft.net\/wp\/doctio\/wp-content\/uploads\/2022\/06\/caption-img-2.jpg)\"><\/div>\n\n                <div class=\"td-img-caption\">\n                    <span>25<\/span> Des ann\u00e9es d'exp\u00e9rience dans les services m\u00e9dicaux                <\/div>\n            <\/div>\n\t\t<\/div>\n\n\t\t\t\t<\/div>\n\t\t\t\t<\/div>\n\t\t\t\t\t<\/div>\n\t\t<\/div>\n\t\t\t\t\t<\/div>\n\t\t<\/section>\n\t\t\t\t<section class=\"elementor-section elementor-top-section elementor-element elementor-element-68794fdd elementor-section-stretched elementor-section-boxed elementor-section-height-default elementor-section-height-default\" data-id=\"68794fdd\" data-element_type=\"section\" data-settings=\"{&quot;stretch_section&quot;:&quot;section-stretched&quot;}\">\n\t\t\t\t\t\t<div class=\"elementor-container elementor-column-gap-default\">\n\t\t\t\t\t<div class=\"elementor-column elementor-col-100 elementor-top-column elementor-element elementor-element-730d95f8\" data-id=\"730d95f8\" data-element_type=\"column\">\n\t\t\t<div class=\"elementor-widget-wrap elementor-element-populated\">\n\t\t\t\t\t\t<div class=\"elementor-element elementor-element-5620ae4 elementor-widget elementor-widget-themedraft_section_title\" data-id=\"5620ae4\" data-element_type=\"widget\" data-widget_type=\"themedraft_section_title.default\">\n\t\t\t\t<div class=\"elementor-widget-container\">\n\t\t\t\n\t\t<div class=\"td-section-title-wrapper\">\n            <div class=\"td-section-title-content td-secondary-font\">\n                                    <div class=\"td-section-title-bg-text center\">\n                        Faqs                    <\/div>\n                \n                                    <div class=\"td-section-subtitle td-primary-color\">\n                        Obtenir des r\u00e9ponses                    <\/div>\n                \n                                    <div class=\"td-section-title\">\n                        <h2>Questions les plus fr\u00e9quemment pos\u00e9es.<\/h2>                    <\/div>\n                                        <div class=\"title-bottom-line\" style=\"background-image: url(https:\/\/demo.themedraft.net\/wp\/doctio\/wp-content\/uploads\/2022\/06\/line-1.png)\"><\/div>\n                                                <\/div>\n\t\t<\/div>\n\t\t\t\t<\/div>\n\t\t\t\t<\/div>\n\t\t\t\t\t<\/div>\n\t\t<\/div>\n\t\t\t\t\t<\/div>\n\t\t<\/section>\n\t\t\t\t<section class=\"elementor-section elementor-top-section elementor-element elementor-element-4de76471 elementor-section-stretched elementor-section-boxed elementor-section-height-default elementor-section-height-default\" data-id=\"4de76471\" data-element_type=\"section\" data-settings=\"{&quot;stretch_section&quot;:&quot;section-stretched&quot;}\">\n\t\t\t\t\t\t<div class=\"elementor-container elementor-column-gap-default\">\n\t\t\t\t\t<div class=\"elementor-column elementor-col-50 elementor-top-column elementor-element elementor-element-1731544b\" data-id=\"1731544b\" data-element_type=\"column\">\n\t\t\t<div class=\"elementor-widget-wrap elementor-element-populated\">\n\t\t\t\t\t\t<div class=\"elementor-element elementor-element-299808ea elementor-widget elementor-widget-themeDraft_accordion\" data-id=\"299808ea\" data-element_type=\"widget\" data-widget_type=\"themeDraft_accordion.default\">\n\t\t\t\t<div class=\"elementor-widget-container\">\n\t\t\t        <div class=\"td-accordion-wrapper td-accordion-wrapper-75730\">\n            <div class=\"accordion\" id=\"td-accordion-75730\">\n\n\t\t\t\t                        <div class=\"accordion-item\">\n                            <h2 class=\"accordion-header\">\n                                <button class=\"accordion-button\" type=\"button\" data-bs-toggle=\"collapse\" data-bs-target=\"#collapse-175730\" aria-expanded=\"true\" aria-controls=\"collapse-175730\">\n\t\t\t\t\t\t\t\t\t01. Signaux pour la personnalisation du site web ?                                <\/button>\n                            <\/h2>\n\n                            <div id=\"collapse-175730\" class=\"accordion-collapse collapse show\" data-bs-parent=\"#td-accordion-75730\">\n                                <div class=\"accordion-body\">\n\t\t\t\t\t\t\t\t\tNous vous donnerons un aper\u00e7u complet du syst\u00e8me et nous exposerons les enseignements du grand explorateur de la v\u00e9rit\u00e9, le ma\u00eetre d'\u0153uvre du bonheur humain, non parce que c'est un plaisir.                                <\/div>\n                            <\/div>\n                        <\/div>\n\t\t\t\t\t\t                        <div class=\"accordion-item\">\n                            <h2 class=\"accordion-header\">\n                                <button class=\"accordion-button collapsed\" type=\"button\" data-bs-toggle=\"collapse\" data-bs-target=\"#collapse-275730\" aria-expanded=\"false\" aria-controls=\"collapse-275730\">\n\t\t\t\t\t\t\t\t\t02. Architecture de l'information Easy ?                                <\/button>\n                            <\/h2>\n\n                            <div id=\"collapse-275730\" class=\"accordion-collapse collapse\" data-bs-parent=\"#td-accordion-75730\">\n                                <div class=\"accordion-body\">\n\t\t\t\t\t\t\t\t\tNous vous donnerons un aper\u00e7u complet du syst\u00e8me et nous exposerons les enseignements du grand explorateur de la v\u00e9rit\u00e9, le ma\u00eetre d'\u0153uvre du bonheur humain, non parce que c'est un plaisir.                                <\/div>\n                            <\/div>\n                        <\/div>\n\t\t\t\t\t\t                        <div class=\"accordion-item\">\n                            <h2 class=\"accordion-header\">\n                                <button class=\"accordion-button collapsed\" type=\"button\" data-bs-toggle=\"collapse\" data-bs-target=\"#collapse-375730\" aria-expanded=\"false\" aria-controls=\"collapse-375730\">\n\t\t\t\t\t\t\t\t\t03. Guide pour attirer les clients ?                                <\/button>\n                            <\/h2>\n\n                            <div id=\"collapse-375730\" class=\"accordion-collapse collapse\" data-bs-parent=\"#td-accordion-75730\">\n                                <div class=\"accordion-body\">\n\t\t\t\t\t\t\t\t\tNous vous donnerons un aper\u00e7u complet du syst\u00e8me et nous exposerons les enseignements du grand explorateur de la v\u00e9rit\u00e9, le ma\u00eetre d'\u0153uvre du bonheur humain, non parce que c'est un plaisir.                                <\/div>\n                            <\/div>\n                        <\/div>\n\t\t\t\t\t\t                        <div class=\"accordion-item\">\n                            <h2 class=\"accordion-header\">\n                                <button class=\"accordion-button collapsed\" type=\"button\" data-bs-toggle=\"collapse\" data-bs-target=\"#collapse-475730\" aria-expanded=\"false\" aria-controls=\"collapse-475730\">\n\t\t\t\t\t\t\t\t\t04. Guide pour attirer les clients ?                                <\/button>\n                            <\/h2>\n\n                            <div id=\"collapse-475730\" class=\"accordion-collapse collapse\" data-bs-parent=\"#td-accordion-75730\">\n                                <div class=\"accordion-body\">\n\t\t\t\t\t\t\t\t\tNous vous donnerons un aper\u00e7u complet du syst\u00e8me et nous exposerons les enseignements du grand explorateur de la v\u00e9rit\u00e9, le ma\u00eetre d'\u0153uvre du bonheur humain, non parce que c'est un plaisir.                                <\/div>\n                            <\/div>\n                        <\/div>\n\t\t\t\t\t\t            <\/div>\n        <\/div>\n\t\t\t\t<\/div>\n\t\t\t\t<\/div>\n\t\t\t\t\t<\/div>\n\t\t<\/div>\n\t\t\t\t<div class=\"elementor-column elementor-col-50 elementor-top-column elementor-element elementor-element-62f08d02\" data-id=\"62f08d02\" data-element_type=\"column\">\n\t\t\t<div class=\"elementor-widget-wrap elementor-element-populated\">\n\t\t\t\t\t\t<div class=\"elementor-element elementor-element-552bc6db elementor-widget elementor-widget-themeDraft_accordion\" data-id=\"552bc6db\" data-element_type=\"widget\" data-widget_type=\"themeDraft_accordion.default\">\n\t\t\t\t<div class=\"elementor-widget-container\">\n\t\t\t        <div class=\"td-accordion-wrapper td-accordion-wrapper-51386\">\n            <div class=\"accordion\" id=\"td-accordion-51386\">\n\n\t\t\t\t                        <div class=\"accordion-item\">\n                            <h2 class=\"accordion-header\">\n                                <button class=\"accordion-button\" type=\"button\" data-bs-toggle=\"collapse\" data-bs-target=\"#collapse-151386\" aria-expanded=\"true\" aria-controls=\"collapse-151386\">\n\t\t\t\t\t\t\t\t\t01. Signaux pour la personnalisation du site web ?                                <\/button>\n                            <\/h2>\n\n                            <div id=\"collapse-151386\" class=\"accordion-collapse collapse show\" data-bs-parent=\"#td-accordion-51386\">\n                                <div class=\"accordion-body\">\n\t\t\t\t\t\t\t\t\tNous vous donnerons un aper\u00e7u complet du syst\u00e8me et nous exposerons les enseignements du grand explorateur de la v\u00e9rit\u00e9, le ma\u00eetre d'\u0153uvre du bonheur humain, non parce que c'est un plaisir.                                <\/div>\n                            <\/div>\n                        <\/div>\n\t\t\t\t\t\t                        <div class=\"accordion-item\">\n                            <h2 class=\"accordion-header\">\n                                <button class=\"accordion-button collapsed\" type=\"button\" data-bs-toggle=\"collapse\" data-bs-target=\"#collapse-251386\" aria-expanded=\"false\" aria-controls=\"collapse-251386\">\n\t\t\t\t\t\t\t\t\t02. Architecture de l'information Easy ?                                <\/button>\n                            <\/h2>\n\n                            <div id=\"collapse-251386\" class=\"accordion-collapse collapse\" data-bs-parent=\"#td-accordion-51386\">\n                                <div class=\"accordion-body\">\n\t\t\t\t\t\t\t\t\tNous vous donnerons un aper\u00e7u complet du syst\u00e8me et nous exposerons les enseignements du grand explorateur de la v\u00e9rit\u00e9, le ma\u00eetre d'\u0153uvre du bonheur humain, non parce que c'est un plaisir.                                <\/div>\n                            <\/div>\n                        <\/div>\n\t\t\t\t\t\t                        <div class=\"accordion-item\">\n                            <h2 class=\"accordion-header\">\n                                <button class=\"accordion-button collapsed\" type=\"button\" data-bs-toggle=\"collapse\" data-bs-target=\"#collapse-351386\" aria-expanded=\"false\" aria-controls=\"collapse-351386\">\n\t\t\t\t\t\t\t\t\t03. Guide pour attirer les clients ?                                <\/button>\n                            <\/h2>\n\n                            <div id=\"collapse-351386\" class=\"accordion-collapse collapse\" data-bs-parent=\"#td-accordion-51386\">\n                                <div class=\"accordion-body\">\n\t\t\t\t\t\t\t\t\tNous vous donnerons un aper\u00e7u complet du syst\u00e8me et nous exposerons les enseignements du grand explorateur de la v\u00e9rit\u00e9, le ma\u00eetre d'\u0153uvre du bonheur humain, non parce que c'est un plaisir.                                <\/div>\n                            <\/div>\n                        <\/div>\n\t\t\t\t\t\t                        <div class=\"accordion-item\">\n                            <h2 class=\"accordion-header\">\n                                <button class=\"accordion-button collapsed\" type=\"button\" data-bs-toggle=\"collapse\" data-bs-target=\"#collapse-451386\" aria-expanded=\"false\" aria-controls=\"collapse-451386\">\n\t\t\t\t\t\t\t\t\t04. Guide pour attirer les clients ?                                <\/button>\n                            <\/h2>\n\n                            <div id=\"collapse-451386\" class=\"accordion-collapse collapse\" data-bs-parent=\"#td-accordion-51386\">\n                                <div class=\"accordion-body\">\n\t\t\t\t\t\t\t\t\tNous vous donnerons un aper\u00e7u complet du syst\u00e8me et nous exposerons les enseignements du grand explorateur de la v\u00e9rit\u00e9, le ma\u00eetre d'\u0153uvre du bonheur humain, non parce que c'est un plaisir.                                <\/div>\n                            <\/div>\n                        <\/div>\n\t\t\t\t\t\t            <\/div>\n        <\/div>\n\t\t\t\t<\/div>\n\t\t\t\t<\/div>\n\t\t\t\t\t<\/div>\n\t\t<\/div>\n\t\t\t\t\t<\/div>\n\t\t<\/section>\n\t\t\t\t<\/div>","protected":false},"excerpt":{"rendered":"<p>Faqs Get Answers Have Any Questions? Feel Free To Ask. 01. Signals For Customising Website ? We will give you a complete account of the system and expound is theen teachings of the great explorer of the truth the master builder of human happiness no because it is pleasure. 02. Information Architecture Easy ? We [&hellip;]<\/p>","protected":false},"author":1,"featured_media":0,"parent":0,"menu_order":0,"comment_status":"closed","ping_status":"closed","template":"","meta":{"_monsterinsights_skip_tracking":false,"_monsterinsights_sitenote_active":false,"_monsterinsights_sitenote_note":"","_monsterinsights_sitenote_category":0,"_uf_show_specific_survey":0,"_uf_disable_surveys":false,"footnotes":""},"class_list":["post-1018","page","type-page","status-publish","hentry"],"aioseo_notices":[],"_links":{"self":[{"href":"https:\/\/www.visemed.com\/fr\/wp-json\/wp\/v2\/pages\/1018","targetHints":{"allow":["GET"]}}],"collection":[{"href":"https:\/\/www.visemed.com\/fr\/wp-json\/wp\/v2\/pages"}],"about":[{"href":"https:\/\/www.visemed.com\/fr\/wp-json\/wp\/v2\/types\/page"}],"author":[{"embeddable":true,"href":"https:\/\/www.visemed.com\/fr\/wp-json\/wp\/v2\/users\/1"}],"replies":[{"embeddable":true,"href":"https:\/\/www.visemed.com\/fr\/wp-json\/wp\/v2\/comments?post=1018"}],"version-history":[{"count":0,"href":"https:\/\/www.visemed.com\/fr\/wp-json\/wp\/v2\/pages\/1018\/revisions"}],"wp:attachment":[{"href":"https:\/\/www.visemed.com\/fr\/wp-json\/wp\/v2\/media?parent=1018"}],"curies":[{"name":"wp","href":"https:\/\/api.w.org\/{rel}","templated":true}]}}