{"id":608,"date":"2022-06-10T19:22:20","date_gmt":"2022-06-10T19:22:20","guid":{"rendered":"https:\/\/demo.themedraft.net\/wp\/doctio\/?page_id=608"},"modified":"2024-11-24T21:26:59","modified_gmt":"2024-11-24T21:26:59","slug":"about-us","status":"publish","type":"page","link":"https:\/\/www.visemed.com\/fr\/a-propos-de-nous\/","title":{"rendered":"\u00c0 propos de nous"},"content":{"rendered":"<div data-elementor-type=\"wp-page\" data-elementor-id=\"608\" class=\"elementor elementor-608\">\n\t\t\t\t\t\t<section class=\"elementor-section elementor-top-section elementor-element elementor-element-433d3c3b elementor-section-stretched elementor-section-boxed elementor-section-height-default elementor-section-height-default\" data-id=\"433d3c3b\" data-element_type=\"section\" data-settings=\"{&quot;stretch_section&quot;:&quot;section-stretched&quot;}\">\n\t\t\t\t\t\t<div class=\"elementor-container elementor-column-gap-default\">\n\t\t\t\t\t<div class=\"elementor-column elementor-col-50 elementor-top-column elementor-element elementor-element-2ec804cd\" data-id=\"2ec804cd\" data-element_type=\"column\">\n\t\t\t<div class=\"elementor-widget-wrap elementor-element-populated\">\n\t\t\t\t\t\t<div class=\"elementor-element elementor-element-7f8a77d3 elementor-widget elementor-widget-themedraft_section_title\" data-id=\"7f8a77d3\" data-element_type=\"widget\" data-widget_type=\"themedraft_section_title.default\">\n\t\t\t\t<div class=\"elementor-widget-container\">\n\t\t\t\n\t\t<div class=\"td-section-title-wrapper\">\n            <div class=\"td-section-title-content td-secondary-font\">\n                                    <div class=\"td-section-title-bg-text left\">\n                        A propos de                    <\/div>\n                \n                                    <div class=\"td-section-subtitle td-primary-color\">\n                        \u00c0 propos de nous                    <\/div>\n                \n                                    <div class=\"td-section-title\">\n                        <h2>Clinique Visemed<\/h2>                    <\/div>\n                                        <div class=\"title-bottom-line\" style=\"background-image: url(https:\/\/demo.themedraft.net\/wp\/doctio\/wp-content\/uploads\/2022\/06\/line-1.png)\"><\/div>\n                                                <\/div>\n\t\t<\/div>\n\t\t\t\t<\/div>\n\t\t\t\t<\/div>\n\t\t\t\t<div class=\"elementor-element elementor-element-6b2eb3ed elementor-widget elementor-widget-themedraft_text\" data-id=\"6b2eb3ed\" data-element_type=\"widget\" data-widget_type=\"themedraft_text.default\">\n\t\t\t\t<div class=\"elementor-widget-container\">\n\t\t\t\n\t\t<div class=\"td-text-wrapper\">\n\t\t\t<p>Bienvenue \u00e0 la clinique Visemed, o\u00f9 des soins de sant\u00e9 exceptionnels rencontrent une philosophie ax\u00e9e sur le patient. Situ\u00e9 dans la ville dynamique d'Istanbul, nous sommes un \u00e9tablissement m\u00e9dical de classe mondiale sp\u00e9cialis\u00e9 dans les traitements de l'ob\u00e9sit\u00e9, les soins dentaires, la transplantation de cheveux et la chirurgie plastique. Chez Visemed, nous sommes d\u00e9termin\u00e9s \u00e0 transformer des vies gr\u00e2ce \u00e0 des techniques innovantes, des soins personnalis\u00e9s et un engagement in\u00e9branlable en faveur de l'excellence.<\/p>\n            \t\t<\/div>\n\n\t\t\t\t<\/div>\n\t\t\t\t<\/div>\n\t\t\t\t<div class=\"elementor-element elementor-element-4c42bbcf elementor-widget elementor-widget-themedraft_promo_box\" data-id=\"4c42bbcf\" data-element_type=\"widget\" data-widget_type=\"themedraft_promo_box.default\">\n\t\t\t\t<div class=\"elementor-widget-container\">\n\t\t\t\n\t\t<div class=\"td-promo-box-wrapper td-icon-left\">\n\t\t\t<div class=\"row\">\n\t\t\t\t\t\t\t\t\t\t<div class=\"col-xl-12 col-lg-6 col-md-6\">\n\t\t\t\t\t\t\t<div class=\"td-single-promo-box\">\n\t\t\t\t\t\t\t\t<div class=\"td-promo-icon td-primary-color\">\n\t\t\t\t\t\t\t\t\t<i aria-hidden=\"true\" class=\"td-icon flaticon-about\"><\/i>\t\t\t\t\t\t\t\t<\/div>\n\n                                <h4 class=\"td-promo-title\">Notre mission<\/h4>\n\n                                <div class=\"td-promo-desc td-last-p-0\">\n\t                                <p>Chez Visemed, notre mission est de fournir des services m\u00e9dicaux et esth\u00e9tiques de premier ordre, adapt\u00e9s aux besoins uniques de chaque patient. Nous visons \u00e0 combiner une technologie de pointe, des comp\u00e9tences d'experts et une approche compatissante afin que chaque individu se sente responsable et confiant dans sa sant\u00e9 et son apparence.<\/p>                                <\/div>\n\t\t\t\t\t\t\t<\/div>\n\t\t\t\t\t\t<\/div>\n\t\t\t\t\t\t\t\t\t\t<div class=\"col-xl-12 col-lg-6 col-md-6\">\n\t\t\t\t\t\t\t<div class=\"td-single-promo-box\">\n\t\t\t\t\t\t\t\t<div class=\"td-promo-icon td-primary-color\">\n\t\t\t\t\t\t\t\t\t<i aria-hidden=\"true\" class=\"td-icon flaticon-medical-laboratory\"><\/i>\t\t\t\t\t\t\t\t<\/div>\n\n                                <h4 class=\"td-promo-title\">Notre vision<\/h4>\n\n                                <div class=\"td-promo-desc td-last-p-0\">\n\t                                <p>Nous imaginons un monde o\u00f9 les soins de sant\u00e9 de qualit\u00e9 sont accessibles, abordables et changent la vie de chacun. En tant que prestataire de confiance dans le domaine du tourisme m\u00e9dical, nous nous effor\u00e7ons de faire d'Istanbul une destination mondiale pour des soins de pointe ax\u00e9s sur le patient.<\/p>                                <\/div>\n\t\t\t\t\t\t\t<\/div>\n\t\t\t\t\t\t<\/div>\n\t\t\t\t\t\t\t<\/div>\n\t\t<\/div>\n\n\t\t\t\t<\/div>\n\t\t\t\t<\/div>\n\t\t\t\t\t<\/div>\n\t\t<\/div>\n\t\t\t\t<div class=\"elementor-column elementor-col-50 elementor-top-column elementor-element elementor-element-5ceb424b\" data-id=\"5ceb424b\" data-element_type=\"column\">\n\t\t\t<div class=\"elementor-widget-wrap elementor-element-populated\">\n\t\t\t\t\t\t<div class=\"elementor-element elementor-element-57bbf0af elementor-widget__width-initial elementor-widget elementor-widget-themedraft_image_with_caption\" data-id=\"57bbf0af\" data-element_type=\"widget\" data-widget_type=\"themedraft_image_with_caption.default\">\n\t\t\t\t<div class=\"elementor-widget-container\">\n\t\t\t\n\t\t<div class=\"td-img-caption-wrapper td-secondary-font\">\n            <div class=\"td-caption-images\">\n                <div class=\"td-caption-img-one td-cover-bg\" style=\"background-image: url(https:\/\/www.visemed.com\/wp-content\/uploads\/2024\/11\/successful-medical-team-scaled.jpg)\"><\/div>\n                <div class=\"td-caption-img-two td-cover-bg\" style=\"background-image: url(https:\/\/www.visemed.com\/wp-content\/uploads\/2022\/06\/service-11.jpg)\"><\/div>\n\n                <div class=\"td-img-caption\">\n                    <span>100%<\/span> \nServices de qualit\u00e9                <\/div>\n            <\/div>\n\t\t<\/div>\n\n\t\t\t\t<\/div>\n\t\t\t\t<\/div>\n\t\t\t\t\t<\/div>\n\t\t<\/div>\n\t\t\t\t\t<\/div>\n\t\t<\/section>\n\t\t\t\t<section class=\"elementor-section elementor-top-section elementor-element elementor-element-1cd4493e elementor-section-stretched elementor-section-full_width elementor-section-height-default elementor-section-height-default\" data-id=\"1cd4493e\" data-element_type=\"section\" data-settings=\"{&quot;stretch_section&quot;:&quot;section-stretched&quot;}\">\n\t\t\t\t\t\t<div class=\"elementor-container elementor-column-gap-default\">\n\t\t\t\t\t<div class=\"elementor-column elementor-col-100 elementor-top-column elementor-element elementor-element-45167e09\" data-id=\"45167e09\" data-element_type=\"column\">\n\t\t\t<div class=\"elementor-widget-wrap elementor-element-populated\">\n\t\t\t\t\t\t<div class=\"elementor-element elementor-element-c764b6e elementor-widget elementor-widget-themedraft_recent_post\" data-id=\"c764b6e\" data-element_type=\"widget\" data-widget_type=\"themedraft_recent_post.default\">\n\t\t\t\t<div class=\"elementor-widget-container\">\n\t\t\t\n        <div class=\"td-recent-post-el-widget\">\n            <div class=\"container\">\n                <div id=\"td-post-slider-1997\" class=\"row td-all-posts-wrapper\">\n                    \n                        <div class=\"col-xl-4 col-lg-6 col-md-6\">\n                            <div class=\"td-single-post-item\">\n                                <article id=\"post-544\" class=\"post-544 post type-post status-publish format-standard has-post-thumbnail hentry category-ent-department tag-surgery\">\n\n                                    <a href=\"https:\/\/www.visemed.com\/fr\/2022\/06\/10\/un-medecin-specialiste-donne-des-conseils-pour-une-croissance-et-des-soins-sains\/\" class=\"td-recent-post-thumbnail td-cover-bg\" style=\"background-image: url(https:\/\/www.visemed.com\/wp-content\/uploads\/2022\/06\/blog-8.jpg)\"><\/a>\n\n                                    <div class=\"td-recent-post-content\">\n                                        <div class=\"td-post-meta post-meta\">\n                                            <ul class=\"td-list-style td-list-inline\">\n\t\t\t                                                                                        <li><span class=\"byline\"><i class=\"far fa-user\"><\/i>  <span class=\"author vcard\">l'administration<\/span><\/span><\/li>\n\t\t\t                                    \n                                                                                                    <li><span class=\"posted-on\"><i class=\"far fa-calendar-check\"><\/i> <a href=\"https:\/\/www.visemed.com\/fr\/2022\/06\/10\/un-medecin-specialiste-donne-des-conseils-pour-une-croissance-et-des-soins-sains\/\" rel=\"bookmark\"><time class=\"entry-date published\" datetime=\"2022-06-10T17:57:19+00:00\">10 juin 2022<\/time><time class=\"updated\" datetime=\"2024-10-24T15:52:23+00:00\">24 octobre 2024<\/time><\/a><\/span><\/li>\n\t\t\t                                                                                <\/ul>\n                                        <\/div>\n\n                                        <div class=\"td-recent-post-title\">\n                                            <a href=\"https:\/\/www.visemed.com\/fr\/2022\/06\/10\/un-medecin-specialiste-donne-des-conseils-pour-une-croissance-et-des-soins-sains\/\">\n                                                <h4 class=\"post-title\">Un m\u00e9decin sp\u00e9cialiste partage ses conseils pour votre sant\u00e9 ...<\/h4>\n                                            <\/a>\n                                        <\/div>\n\n                                        \n                                                                                    <div class=\"td-post-read-more\">\n                                                <a class=\"td-text-button\" href=\"https:\/\/www.visemed.com\/fr\/2022\/06\/10\/un-medecin-specialiste-donne-des-conseils-pour-une-croissance-et-des-soins-sains\/\">\n                                                    Lire la suite <i class=\"fas fa-angle-double-right\"><\/i>\n                                                <\/a>\n                                            <\/div>\n                                                                            <\/div>\n                                <\/article><!-- #post-544 -->\n                            <\/div>\n                        <\/div>\n                                    <\/div>\n            <\/div>\n                    <\/div>\n\t\t\t\t<\/div>\n\t\t\t\t<\/div>\n\t\t\t\t\t<\/div>\n\t\t<\/div>\n\t\t\t\t\t<\/div>\n\t\t<\/section>\n\t\t\t\t<section class=\"elementor-section elementor-top-section elementor-element elementor-element-5a78f735 elementor-section-full_width elementor-section-stretched elementor-section-height-default elementor-section-height-default\" data-id=\"5a78f735\" data-element_type=\"section\" data-settings=\"{&quot;stretch_section&quot;:&quot;section-stretched&quot;,&quot;background_background&quot;:&quot;classic&quot;}\">\n\t\t\t\t\t\t<div class=\"elementor-container elementor-column-gap-default\">\n\t\t\t\t\t<div class=\"elementor-column elementor-col-100 elementor-top-column elementor-element elementor-element-91b249b\" data-id=\"91b249b\" data-element_type=\"column\">\n\t\t\t<div class=\"elementor-widget-wrap\">\n\t\t\t\t\t\t\t<\/div>\n\t\t<\/div>\n\t\t\t\t\t<\/div>\n\t\t<\/section>\n\t\t\t\t<section class=\"elementor-section elementor-top-section elementor-element elementor-element-5631ca09 elementor-section-stretched elementor-section-boxed elementor-section-height-default elementor-section-height-default\" data-id=\"5631ca09\" data-element_type=\"section\" data-settings=\"{&quot;stretch_section&quot;:&quot;section-stretched&quot;}\">\n\t\t\t\t\t\t<div class=\"elementor-container elementor-column-gap-default\">\n\t\t\t\t\t<div class=\"elementor-column elementor-col-50 elementor-top-column elementor-element elementor-element-2183edc5\" data-id=\"2183edc5\" data-element_type=\"column\">\n\t\t\t<div class=\"elementor-widget-wrap elementor-element-populated\">\n\t\t\t\t\t\t<div class=\"elementor-element elementor-element-5a358cda elementor-widget elementor-widget-themedraft_section_title\" data-id=\"5a358cda\" data-element_type=\"widget\" data-widget_type=\"themedraft_section_title.default\">\n\t\t\t\t<div class=\"elementor-widget-container\">\n\t\t\t\n\t\t<div class=\"td-section-title-wrapper\">\n            <div class=\"td-section-title-content td-secondary-font\">\n                                    <div class=\"td-section-title-bg-text left\">\n                        A propos de                    <\/div>\n                \n                                    <div class=\"td-section-subtitle td-primary-color\">\n                        Pourquoi nous choisir ?                    <\/div>\n                \n                                    <div class=\"td-section-title\">\n                        <h3>Pourquoi choisir Visemed ?<\/h3>                    <\/div>\n                                        <div class=\"title-bottom-line\" style=\"background-image: url(https:\/\/www.visemed.com\/wp-content\/uploads\/2022\/06\/line-1.png)\"><\/div>\n                                                <\/div>\n\t\t<\/div>\n\t\t\t\t<\/div>\n\t\t\t\t<\/div>\n\t\t\t\t<div class=\"elementor-element elementor-element-6fad022 elementor-widget elementor-widget-themedraft_text\" data-id=\"6fad022\" data-element_type=\"widget\" data-widget_type=\"themedraft_text.default\">\n\t\t\t\t<div class=\"elementor-widget-container\">\n\t\t\t\n\t\t<div class=\"td-text-wrapper\">\n\t\t\t<h4><strong>1. Une expertise en laquelle vous pouvez avoir confiance<\/strong><\/h4><p>Notre \u00e9quipe est compos\u00e9e de sp\u00e9cialistes exp\u00e9riment\u00e9s et hautement qualifi\u00e9s, leaders dans leur domaine. Avec plus de 12 000 cas r\u00e9ussis, nous apportons une expertise in\u00e9gal\u00e9e \u00e0 chaque traitement que nous proposons.<\/p><h4><strong>2. Soins complets<\/strong><\/h4><p>Chez Visemed, nous adoptons une approche holistique de la prise en charge des patients. De la consultation initiale au r\u00e9tablissement apr\u00e8s le traitement, notre \u00e9quipe est \u00e0 vos c\u00f4t\u00e9s \u00e0 chaque \u00e9tape, pour vous garantir un voyage sans heurts et sans stress.<\/p><h4><strong>3. Des installations ultramodernes<\/strong><\/h4><p>Notre clinique est \u00e9quip\u00e9e des technologies m\u00e9dicales les plus r\u00e9centes et respecte les normes internationales les plus strictes en mati\u00e8re de s\u00e9curit\u00e9 et de qualit\u00e9. Cela nous permet de fournir des r\u00e9sultats pr\u00e9cis, efficaces et fiables.<\/p><h4><strong>4. Exp\u00e9rience des patients VIP<\/strong><\/h4><p>Nous nous surpassons pour rendre votre visite exceptionnelle. Nos services comprennent les transferts a\u00e9roportuaires VIP, l'h\u00e9bergement 5 \u00e9toiles et l'aide \u00e0 l'organisation du voyage, afin que vous vous sentiez pris en charge d\u00e8s votre arriv\u00e9e.<\/p><h4><strong>5. Abordabilit\u00e9 sans compromis<\/strong><\/h4><p>Situ\u00e9s \u00e0 Istanbul, nous offrons des services m\u00e9dicaux de classe mondiale \u00e0 une fraction du co\u00fbt par rapport \u00e0 de nombreux autres pays. Notre tarification transparente garantit l'accessibilit\u00e9 sans sacrifier la qualit\u00e9.<\/p>\n            \t\t<\/div>\n\n\t\t\t\t<\/div>\n\t\t\t\t<\/div>\n\t\t\t\t\t<\/div>\n\t\t<\/div>\n\t\t\t\t<div class=\"elementor-column elementor-col-50 elementor-top-column elementor-element elementor-element-2b671d8\" data-id=\"2b671d8\" data-element_type=\"column\">\n\t\t\t<div class=\"elementor-widget-wrap elementor-element-populated\">\n\t\t\t\t\t\t<div class=\"elementor-element elementor-element-ab0e21b elementor-widget elementor-widget-themedraft_section_title\" data-id=\"ab0e21b\" data-element_type=\"widget\" data-widget_type=\"themedraft_section_title.default\">\n\t\t\t\t<div class=\"elementor-widget-container\">\n\t\t\t\n\t\t<div class=\"td-section-title-wrapper\">\n            <div class=\"td-section-title-content td-secondary-font\">\n                                    <div class=\"td-section-title-bg-text left\">\n                        A propos de                    <\/div>\n                \n                                    <div class=\"td-section-subtitle td-primary-color\">\n                        Nos valeurs                    <\/div>\n                \n                                    <div class=\"td-section-title\">\n                        <h3>Nos valeurs fondamentales<\/h3>                    <\/div>\n                                        <div class=\"title-bottom-line\" style=\"background-image: url(https:\/\/demo.themedraft.net\/wp\/doctio\/wp-content\/uploads\/2022\/06\/line-1.png)\"><\/div>\n                                                <\/div>\n\t\t<\/div>\n\t\t\t\t<\/div>\n\t\t\t\t<\/div>\n\t\t\t\t<div class=\"elementor-element elementor-element-997e7a3 elementor-widget elementor-widget-themedraft_text\" data-id=\"997e7a3\" data-element_type=\"widget\" data-widget_type=\"themedraft_text.default\">\n\t\t\t\t<div class=\"elementor-widget-container\">\n\t\t\t\n\t\t<div class=\"td-text-wrapper\">\n\t\t\t<ul><li><strong>Soins centr\u00e9s sur le patient<\/strong>: Votre s\u00e9curit\u00e9, votre confort et votre satisfaction sont nos principales priorit\u00e9s.<\/li><li><strong>Int\u00e9grit\u00e9<\/strong>: Nous nous engageons \u00e0 respecter des pratiques \u00e9thiques et \u00e0 communiquer clairement \u00e0 chaque \u00e9tape de votre parcours.<\/li><li><strong>L'innovation<\/strong>: En adoptant les derni\u00e8res avanc\u00e9es en mati\u00e8re de traitements m\u00e9dicaux et esth\u00e9tiques, nous restons \u00e0 la pointe des soins de sant\u00e9.<\/li><li><strong>Respect<\/strong>: Chaque patient est trait\u00e9 avec professionnalisme, dignit\u00e9 et compassion.<\/li><\/ul>\n            \t\t<\/div>\n\n\t\t\t\t<\/div>\n\t\t\t\t<\/div>\n\t\t\t\t<div class=\"elementor-element elementor-element-c3f179e elementor-widget elementor-widget-themedraft_promo_box\" data-id=\"c3f179e\" data-element_type=\"widget\" data-widget_type=\"themedraft_promo_box.default\">\n\t\t\t\t<div class=\"elementor-widget-container\">\n\t\t\t\n\t\t<div class=\"td-promo-box-wrapper td-icon-left\">\n\t\t\t<div class=\"row\">\n\t\t\t\t\t\t\t\t\t\t<div class=\"col-xl-12 col-lg-6 col-md-6\">\n\t\t\t\t\t\t\t<div class=\"td-single-promo-box\">\n\t\t\t\t\t\t\t\t<div class=\"td-promo-icon td-primary-color\">\n\t\t\t\t\t\t\t\t\t<i aria-hidden=\"true\" class=\"td-icon flaticon-heart-beat\"><\/i>\t\t\t\t\t\t\t\t<\/div>\n\n                                <h4 class=\"td-promo-title\">Au service des patients du monde entier<\/h4>\n\n                                <div class=\"td-promo-desc td-last-p-0\">\n\t                                <p>Visemed est fier d'accueillir des patients du monde entier. Avec un personnel multilingue et des services d'assistance complets, nous rendons les voyages m\u00e9dicaux internationaux simples, accessibles et gratifiants. Que vous recherchiez une proc\u00e9dure qui change votre vie ou une am\u00e9lioration subtile, nous sommes l\u00e0 pour vous aider \u00e0 atteindre vos objectifs.<\/p>                                <\/div>\n\t\t\t\t\t\t\t<\/div>\n\t\t\t\t\t\t<\/div>\n\t\t\t\t\t\t\t\t\t\t<div class=\"col-xl-12 col-lg-6 col-md-6\">\n\t\t\t\t\t\t\t<div class=\"td-single-promo-box\">\n\t\t\t\t\t\t\t\t<div class=\"td-promo-icon td-primary-color\">\n\t\t\t\t\t\t\t\t\t<i aria-hidden=\"true\" class=\"td-icon flaticon-healthcare\"><\/i>\t\t\t\t\t\t\t\t<\/div>\n\n                                <h4 class=\"td-promo-title\">D\u00e9couvrez la diff\u00e9rence Visemed<\/h4>\n\n                                <div class=\"td-promo-desc td-last-p-0\">\n\t                                <p>A la clinique Visemed, nous ne nous contentons pas de traiter des pathologies, nous transformons des vies. Notre d\u00e9vouement \u00e0 la qualit\u00e9, \u00e0 l'innovation et \u00e0 la satisfaction des patients fait de nous un nom de confiance dans le domaine des soins de sant\u00e9 et de l'esth\u00e9tique.<\/p><p><strong>Contactez-nous d\u00e8s aujourd'hui<\/strong> pour en savoir plus sur nos services ou pour prendre rendez-vous. Laissez-nous vous aider \u00e0 faire le premier pas vers une meilleure sant\u00e9 et une plus grande confiance en vous.<\/p>                                <\/div>\n\t\t\t\t\t\t\t<\/div>\n\t\t\t\t\t\t<\/div>\n\t\t\t\t\t\t\t<\/div>\n\t\t<\/div>\n\n\t\t\t\t<\/div>\n\t\t\t\t<\/div>\n\t\t\t\t\t<\/div>\n\t\t<\/div>\n\t\t\t\t\t<\/div>\n\t\t<\/section>\n\t\t\t\t<section class=\"elementor-section elementor-top-section elementor-element elementor-element-20ddd746 elementor-section-stretched elementor-section-boxed elementor-section-height-default elementor-section-height-default\" data-id=\"20ddd746\" data-element_type=\"section\" data-settings=\"{&quot;background_background&quot;:&quot;classic&quot;,&quot;stretch_section&quot;:&quot;section-stretched&quot;}\">\n\t\t\t\t\t\t<div class=\"elementor-container elementor-column-gap-default\">\n\t\t\t\t\t<div class=\"elementor-column elementor-col-100 elementor-top-column elementor-element elementor-element-2e1d5f2\" data-id=\"2e1d5f2\" data-element_type=\"column\">\n\t\t\t<div class=\"elementor-widget-wrap elementor-element-populated\">\n\t\t\t\t\t\t<div class=\"elementor-element elementor-element-36325e76 elementor-widget elementor-widget-themedraft_section_title\" data-id=\"36325e76\" data-element_type=\"widget\" data-widget_type=\"themedraft_section_title.default\">\n\t\t\t\t<div class=\"elementor-widget-container\">\n\t\t\t\n\t\t<div class=\"td-section-title-wrapper\">\n            <div class=\"td-section-title-content td-secondary-font\">\n                \n                                    <div class=\"td-section-subtitle td-primary-color\">\n                        Prendre contact                    <\/div>\n                \n                                    <div class=\"td-section-title\">\n                        <h3>Notre exp\u00e9rience du parcours du patient<\/h3>\n\u00a0                    <\/div>\n                                                <\/div>\n\t\t<\/div>\n\t\t\t\t<\/div>\n\t\t\t\t<\/div>\n\t\t\t\t<div class=\"elementor-element elementor-element-27b4b419 elementor-widget elementor-widget-themedraft_text\" data-id=\"27b4b419\" data-element_type=\"widget\" data-widget_type=\"themedraft_text.default\">\n\t\t\t\t<div class=\"elementor-widget-container\">\n\t\t\t\n\t\t<div class=\"td-text-wrapper\">\n\t\t\t<p>Choisissez Visemed et faites l'exp\u00e9rience de soins de sant\u00e9 con\u00e7us autour de vous, avec une attention personnalis\u00e9e, des \u00e9quipements luxueux et un soutien complet.<\/p>\n            \t\t<\/div>\n\n\t\t\t\t<\/div>\n\t\t\t\t<\/div>\n\t\t\t\t<div class=\"elementor-element elementor-element-7eb080ee elementor-widget elementor-widget-themedraft_button_widget\" data-id=\"7eb080ee\" data-element_type=\"widget\" data-widget_type=\"themedraft_button_widget.default\">\n\t\t\t\t<div class=\"elementor-widget-container\">\n\t\t\t\n\t\t<div class=\"themedraft-button-wrapper td-button-el-widget\">\n\t\t\t<a href=\"https:\/\/www.visemed.com\/fr\/contact\/\" class=\"themedraft-button td-button themedraft-button-one\" >Nous contacter                <i class=\"fas fa-plus\"><\/i>\n            <\/a>\n\n\t\t\t\n                \t\t\t\t<a href=\"https:\/\/www.visemed.com\/fr\/department\/\" class=\"themedraft-button td-button themedraft-button-two\" >Services                    <i class=\"fas fa-plus\"><\/i>\n                <\/a>\n                \t\t\t\t\t<\/div>\n\t\t\t\t<\/div>\n\t\t\t\t<\/div>\n\t\t\t\t\t<\/div>\n\t\t<\/div>\n\t\t\t\t\t<\/div>\n\t\t<\/section>\n\t\t\t\t<\/div>","protected":false},"excerpt":{"rendered":"<p>About About Us Visemed Clinic Welcome to Visemed Clinic, where exceptional healthcare meets a patient-first philosophy. Located in the vibrant city of Istanbul, we are a world-class medical facility specializing in obesity treatments, dental care, hair transplantation, and plastic surgery. At Visemed, we are dedicated to transforming lives through innovative techniques, personalized care, and an [&hellip;]<\/p>","protected":false},"author":1,"featured_media":0,"parent":0,"menu_order":0,"comment_status":"closed","ping_status":"closed","template":"","meta":{"_monsterinsights_skip_tracking":false,"_monsterinsights_sitenote_active":false,"_monsterinsights_sitenote_note":"","_monsterinsights_sitenote_category":0,"_uf_show_specific_survey":0,"_uf_disable_surveys":false,"footnotes":""},"class_list":["post-608","page","type-page","status-publish","hentry"],"aioseo_notices":[],"_links":{"self":[{"href":"https:\/\/www.visemed.com\/fr\/wp-json\/wp\/v2\/pages\/608","targetHints":{"allow":["GET"]}}],"collection":[{"href":"https:\/\/www.visemed.com\/fr\/wp-json\/wp\/v2\/pages"}],"about":[{"href":"https:\/\/www.visemed.com\/fr\/wp-json\/wp\/v2\/types\/page"}],"author":[{"embeddable":true,"href":"https:\/\/www.visemed.com\/fr\/wp-json\/wp\/v2\/users\/1"}],"replies":[{"embeddable":true,"href":"https:\/\/www.visemed.com\/fr\/wp-json\/wp\/v2\/comments?post=608"}],"version-history":[{"count":7,"href":"https:\/\/www.visemed.com\/fr\/wp-json\/wp\/v2\/pages\/608\/revisions"}],"predecessor-version":[{"id":1266,"href":"https:\/\/www.visemed.com\/fr\/wp-json\/wp\/v2\/pages\/608\/revisions\/1266"}],"wp:attachment":[{"href":"https:\/\/www.visemed.com\/fr\/wp-json\/wp\/v2\/media?parent=608"}],"curies":[{"name":"wp","href":"https:\/\/api.w.org\/{rel}","templated":true}]}}